{"id":3399,"date":"2022-05-17T13:38:21","date_gmt":"2022-05-17T11:38:21","guid":{"rendered":"https:\/\/colettehilaire-aquarelliste.fr\/?page_id=3399"},"modified":"2022-08-29T11:08:51","modified_gmt":"2022-08-29T09:08:51","slug":"fourmimodele","status":"publish","type":"page","link":"https:\/\/colettehilaire-aquarelliste.fr\/index.php\/fourmimodele\/","title":{"rendered":"fourmimod\u00e8le"},"content":{"rendered":"<p>[vc_row row_content_width=\u00a0\u00bbgrid\u00a0\u00bb css=\u00a0\u00bb.vc_custom_1633430900706{margin-right: 60px !important;margin-left: 60px !important;padding-bottom: 110px !important;}\u00a0\u00bb][vc_column width=\u00a0\u00bb1\/2&Prime;]<div class=\"eltdf-section-title-holder   eltdf-st-decorative-line\" style=\"padding: 0 10%;text-align: center\">\n\t<div class=\"eltdf-st-inner\">\n                    <span class=\"eltdf-st-caption\" >\n                <span class=\"eltdf-st-caption-inner\" >Les petites histoires<\/span>\n            <\/span>\n        \t\t\t\t\t<h2 class=\"eltdf-st-title\" >\n    <span class=\"eltdf-st-title-inner\"><span class=\"eltdf-st-side-line-left\" ><\/span>Fourmimod\u00e8le<span class=\"eltdf-st-side-line-right\" ><\/span><\/span>\n\t\t\t<\/h2>\n\t\t\t\t\t\t\t<\/div>\n<\/div>[vc_column_text css=\u00a0\u00bb.vc_custom_1652787445458{margin-top: 40px !important;}\u00a0\u00bb]l \u00e9tait une fois un g\u00e9ant avec pleins de trucs bizarres sur lui des trucs que l\u2019on ne trouve pas dans les bois avec des COULEURS c\u2019est le g\u00e9ant qui l\u2019a dit, bon ce g\u00e9ant il est emb\u00eatant il fait tout le temps de l\u2019ombre et il emp\u00eache le groupe de travailler il se courbe avec un truc, encore un ,qu\u2019on ne trouve pas dans la for\u00eat et clac clac il a l\u2019air vraiment bizarre apr\u00e8s il d\u00e9ambule sur ses pattes arri\u00e8res et il rentre dans sa grotte \u2026toujours la m\u00eame il appelle \u00e7a l\u2019atelier des r\u00eaves \u2026 je le sais je l\u2019ai entendu\u2026et il prend de l\u2019eau mais pas pour la boire il la verse sur un arbre heu non, ce qu\u2019il en reste un truc encore tout ratatin\u00e9 et blanc comme la neige, le g\u00e9ant appelle \u00e7a une feuille de papier quelle id\u00e9e \u00e7a sert \u00e0 rien \u00e7a nourrit pas le groupe et \u00e7a prot\u00e8ge pas le groupe enfin le g\u00e9ant continu avec des petits tas pleins de couleurs \u2026oui je sais d\u2019apr\u00e8s les g\u00e9ants les fourmis ne connaissent pas les couleurs ah oui! qu\u2019on me le prouve! donc il fait un pav\u00e9 avec tout \u00e7a et alors la je comprends pas \u00e0 ce moment l\u00e0 IL EST CONTENT ! vraiment aucune utilit\u00e9 pour son groupe mais c\u2019est comme \u00e7a, je ne comprendrai jamais les g\u00e9ants!<br \/>\n[\/vc_column_text][\/vc_column][vc_column width=\u00a0\u00bb1\/2&Prime;][\/vc_column][\/vc_row][vc_row][vc_column]<div class=\"eltdf-image-gallery eltdf-grid-list eltdf-grid-masonry-list eltdf-disable-bottom-space  eltdf-ig-masonry-type eltdf-three-columns eltdf-tiny-space  \">\n\t<div class=\"eltdf-ig-inner eltdf-outer-space eltdf-masonry-list-wrapper\">\n\t\t<div class=\"eltdf-masonry-grid-sizer\"><\/div>\n\t\t<div class=\"eltdf-masonry-grid-gutter\"><\/div>\n\t\t\t\t\t\t\t\t<div class=\"eltdf-ig-image eltdf-item-space \">\n\t\t\t\t<div class=\"eltdf-ig-image-inner\">\n\t\t\t\t\t\t\t\t\t\t\t<img width=\"640\" height=\"235\" src=\"https:\/\/colettehilaire-aquarelliste.fr\/wp-content\/uploads\/2021\/09\/fourmi2-1.jpg\" class=\"attachment-full size-full\" alt=\"\" decoding=\"async\" loading=\"lazy\" srcset=\"https:\/\/colettehilaire-aquarelliste.fr\/wp-content\/uploads\/2021\/09\/fourmi2-1.jpg 640w, https:\/\/colettehilaire-aquarelliste.fr\/wp-content\/uploads\/2021\/09\/fourmi2-1-300x110.jpg 300w, https:\/\/colettehilaire-aquarelliste.fr\/wp-content\/uploads\/2021\/09\/fourmi2-1-600x220.jpg 600w\" sizes=\"(max-width: 640px) 100vw, 640px\" \/>\t\t\t\t\t\t\t\t\t<\/div>\n\t\t\t<\/div>\n\t\t\t<\/div>\n<\/div>[\/vc_column][\/vc_row]<\/p>\n","protected":false},"excerpt":{"rendered":"<p>[vc_row row_content_width=\u00a0\u00bbgrid\u00a0\u00bb css=\u00a0\u00bb.vc_custom_1633430900706{margin-right: 60px !important;margin-left: 60px !important;padding-bottom: 110px !important;}\u00a0\u00bb][vc_column width=\u00a0\u00bb1\/2&Prime;][vc_column_text css=\u00a0\u00bb.vc_custom_1652787445458{margin-top: 40px !important;}\u00a0\u00bb]l \u00e9tait une fois un g\u00e9ant avec pleins de trucs bizarres sur lui des trucs que l\u2019on ne trouve pas dans les bois avec des COULEURS c\u2019est le [&hellip;]<\/p>\n","protected":false},"author":1,"featured_media":2341,"parent":0,"menu_order":0,"comment_status":"closed","ping_status":"closed","template":"","meta":{"_monsterinsights_skip_tracking":false,"_monsterinsights_sitenote_active":false,"_monsterinsights_sitenote_note":"","_monsterinsights_sitenote_category":0},"_links":{"self":[{"href":"https:\/\/colettehilaire-aquarelliste.fr\/index.php\/wp-json\/wp\/v2\/pages\/3399"}],"collection":[{"href":"https:\/\/colettehilaire-aquarelliste.fr\/index.php\/wp-json\/wp\/v2\/pages"}],"about":[{"href":"https:\/\/colettehilaire-aquarelliste.fr\/index.php\/wp-json\/wp\/v2\/types\/page"}],"author":[{"embeddable":true,"href":"https:\/\/colettehilaire-aquarelliste.fr\/index.php\/wp-json\/wp\/v2\/users\/1"}],"replies":[{"embeddable":true,"href":"https:\/\/colettehilaire-aquarelliste.fr\/index.php\/wp-json\/wp\/v2\/comments?post=3399"}],"version-history":[{"count":3,"href":"https:\/\/colettehilaire-aquarelliste.fr\/index.php\/wp-json\/wp\/v2\/pages\/3399\/revisions"}],"predecessor-version":[{"id":3584,"href":"https:\/\/colettehilaire-aquarelliste.fr\/index.php\/wp-json\/wp\/v2\/pages\/3399\/revisions\/3584"}],"wp:featuredmedia":[{"embeddable":true,"href":"https:\/\/colettehilaire-aquarelliste.fr\/index.php\/wp-json\/wp\/v2\/media\/2341"}],"wp:attachment":[{"href":"https:\/\/colettehilaire-aquarelliste.fr\/index.php\/wp-json\/wp\/v2\/media?parent=3399"}],"curies":[{"name":"wp","href":"https:\/\/api.w.org\/{rel}","templated":true}]}}