{"id":2447,"date":"2021-10-08T17:44:51","date_gmt":"2021-10-08T15:44:51","guid":{"rendered":"http:\/\/colettehilaire-aquarelliste.fr\/?page_id=2447"},"modified":"2021-12-08T16:55:16","modified_gmt":"2021-12-08T15:55:16","slug":"le-corarbre","status":"publish","type":"page","link":"https:\/\/colettehilaire-aquarelliste.fr\/index.php\/le-corarbre\/","title":{"rendered":"LE CORARBRE"},"content":{"rendered":"<p>[vc_row row_content_width=\u00a0\u00bbgrid\u00a0\u00bb css=\u00a0\u00bb.vc_custom_1633430900706{margin-right: 60px !important;margin-left: 60px !important;padding-bottom: 110px !important;}\u00a0\u00bb][vc_column]<div class=\"eltdf-section-title-holder   eltdf-st-decorative-line\" style=\"padding: 0 10%;text-align: center\">\n\t<div class=\"eltdf-st-inner\">\n                    <span class=\"eltdf-st-caption\" >\n                <span class=\"eltdf-st-caption-inner\" >La couleur du bois<\/span>\n            <\/span>\n        \t\t\t\t\t\t\t<\/div>\n<\/div>[vc_column_text css=\u00a0\u00bb.vc_custom_1638649512546{margin-top: 40px !important;}\u00a0\u00bb]Tout commence par un corps.<br \/>\nNous existons gr\u00e2ce \u00e0 lui.<\/p>\n<p>Celui-ci semblait, \u00e0 premi\u00e8re vue, fort r\u00e9sistant.<br \/>\nUn mod\u00e8le de plus qui offre et impose malgr\u00e9 lui sa singularit\u00e9.<\/p>\n<p>Le trait d\u00e9voilait l\u2019empreinte de ce corps sur le papier.<br \/>\nMais encore une fois, me voil\u00e0 surprise par une apparence qui n\u2019avait rien \u00e0 voir avec la r\u00e9alit\u00e9<br \/>\nle papier, l&rsquo;eau, le s\u00e9pia la couleur du bois<br \/>\nLe sujet m\u00eame de cette esquisse me rappelle que le papier existe gr\u00e2ce \u00e0 l\u2019arbre.<br \/>\nArbre et corps humains font parti du Vivant. Tous ont besoin d\u2019eau pour pouvoir exister.<br \/>\nA l\u2019image d\u2019une aquarelle\u2026<\/p>\n<p>Je repense alors \u00e0 une \u00e9tude scientifique r\u00e9cemment men\u00e9e et qui r\u00e9v\u00e8le que les arbres communiquent entre eux. Leurs racines forment un vaste r\u00e9seau qui les relie les uns aux autres.<br \/>\nA leur image, les \u00eatres humains sont tous reli\u00e9s entre eux.<\/p>\n<p>L\u2019aquarelle r\u00e9v\u00e8le ce lien aux multiples ramifications entre les vivants.<\/p>\n<p>J\u2019observe sa forme.<br \/>\nEst-ce un corps? Est-ce un arbre?<br \/>\nQui sommes-nous? Nous qui formons un tout.<br \/>\nPens\u00e9es vertigineuses : nous sommes de petites fourmis dans l\u2019Univers.<br \/>\nSi semblables et si compl\u00e9mentaires.[\/vc_column_text][\/vc_column][\/vc_row][vc_row][vc_column]<div class=\"eltdf-image-gallery eltdf-grid-list eltdf-grid-masonry-list eltdf-disable-bottom-space  eltdf-ig-masonry-type eltdf-three-columns eltdf-tiny-space  \">\n\t<div class=\"eltdf-ig-inner eltdf-outer-space eltdf-masonry-list-wrapper\">\n\t\t<div class=\"eltdf-masonry-grid-sizer\"><\/div>\n\t\t<div class=\"eltdf-masonry-grid-gutter\"><\/div>\n\t\t\t\t\t\t\t\t<div class=\"eltdf-ig-image eltdf-item-space \">\n\t\t\t\t<div class=\"eltdf-ig-image-inner\">\n\t\t\t\t\t\t\t\t\t\t\t<img width=\"480\" height=\"640\" src=\"https:\/\/colettehilaire-aquarelliste.fr\/wp-content\/uploads\/2021\/10\/colette-hilaire-aquarelliste-1-1.jpeg\" class=\"attachment-full size-full\" alt=\"\" decoding=\"async\" loading=\"lazy\" srcset=\"https:\/\/colettehilaire-aquarelliste.fr\/wp-content\/uploads\/2021\/10\/colette-hilaire-aquarelliste-1-1.jpeg 480w, https:\/\/colettehilaire-aquarelliste.fr\/wp-content\/uploads\/2021\/10\/colette-hilaire-aquarelliste-1-1-225x300.jpeg 225w\" sizes=\"(max-width: 480px) 100vw, 480px\" \/>\t\t\t\t\t\t\t\t\t<\/div>\n\t\t\t<\/div>\n\t\t\t<\/div>\n<\/div>[\/vc_column][\/vc_row]<\/p>\n","protected":false},"excerpt":{"rendered":"<p>[vc_row row_content_width=\u00a0\u00bbgrid\u00a0\u00bb css=\u00a0\u00bb.vc_custom_1633430900706{margin-right: 60px !important;margin-left: 60px !important;padding-bottom: 110px !important;}\u00a0\u00bb][vc_column][vc_column_text css=\u00a0\u00bb.vc_custom_1638649512546{margin-top: 40px !important;}\u00a0\u00bb]Tout commence par un corps. Nous existons gr\u00e2ce \u00e0 lui. Celui-ci semblait, \u00e0 premi\u00e8re vue, fort r\u00e9sistant. Un mod\u00e8le de plus qui offre et impose malgr\u00e9 lui sa singularit\u00e9. [&hellip;]<\/p>\n","protected":false},"author":1,"featured_media":0,"parent":0,"menu_order":0,"comment_status":"closed","ping_status":"closed","template":"","meta":{"_monsterinsights_skip_tracking":false,"_monsterinsights_sitenote_active":false,"_monsterinsights_sitenote_note":"","_monsterinsights_sitenote_category":0},"_links":{"self":[{"href":"https:\/\/colettehilaire-aquarelliste.fr\/index.php\/wp-json\/wp\/v2\/pages\/2447"}],"collection":[{"href":"https:\/\/colettehilaire-aquarelliste.fr\/index.php\/wp-json\/wp\/v2\/pages"}],"about":[{"href":"https:\/\/colettehilaire-aquarelliste.fr\/index.php\/wp-json\/wp\/v2\/types\/page"}],"author":[{"embeddable":true,"href":"https:\/\/colettehilaire-aquarelliste.fr\/index.php\/wp-json\/wp\/v2\/users\/1"}],"replies":[{"embeddable":true,"href":"https:\/\/colettehilaire-aquarelliste.fr\/index.php\/wp-json\/wp\/v2\/comments?post=2447"}],"version-history":[{"count":14,"href":"https:\/\/colettehilaire-aquarelliste.fr\/index.php\/wp-json\/wp\/v2\/pages\/2447\/revisions"}],"predecessor-version":[{"id":3209,"href":"https:\/\/colettehilaire-aquarelliste.fr\/index.php\/wp-json\/wp\/v2\/pages\/2447\/revisions\/3209"}],"wp:attachment":[{"href":"https:\/\/colettehilaire-aquarelliste.fr\/index.php\/wp-json\/wp\/v2\/media?parent=2447"}],"curies":[{"name":"wp","href":"https:\/\/api.w.org\/{rel}","templated":true}]}}