{"id":2414,"date":"2021-10-05T11:56:03","date_gmt":"2021-10-05T09:56:03","guid":{"rendered":"http:\/\/colettehilaire-aquarelliste.fr\/?page_id=2414"},"modified":"2023-11-19T17:17:39","modified_gmt":"2023-11-19T16:17:39","slug":"pauvre-jacques","status":"publish","type":"page","link":"https:\/\/colettehilaire-aquarelliste.fr\/index.php\/pauvre-jacques\/","title":{"rendered":"Pauvre Jacques"},"content":{"rendered":"<p>[vc_row row_content_width=\u00a0\u00bbgrid\u00a0\u00bb css=\u00a0\u00bb.vc_custom_1633430900706{margin-right: 60px !important;margin-left: 60px !important;padding-bottom: 110px !important;}\u00a0\u00bb][vc_column]<div class=\"eltdf-section-title-holder   eltdf-st-decorative-line\" style=\"padding: 0 10%;text-align: center\">\n\t<div class=\"eltdf-st-inner\">\n                    <span class=\"eltdf-st-caption\" >\n                <span class=\"eltdf-st-caption-inner\" >Le pass\u00e9<\/span>\n            <\/span>\n        \t\t\t\t\t\t\t<\/div>\n<\/div>[vc_column_text css=\u00a0\u00bb.vc_custom_1700392676883{margin-top: 40px !important;}\u00a0\u00bb]Pauvre Jacques<\/p>\n<p>La vie ne l\u2019a pas \u00e9pargn\u00e9 Jacques, il est partit jeune trop jeune ON lui a dit qu\u2019il fallait se battre ON lui a mis un fusil entre les mains et il est partit loin tr\u00e8s loin comme les autres de son \u00e2ge, il a quitt\u00e9 Paris tout gris et il est arriv\u00e9 dans un beau pays pas gris, sa lumi\u00e8re l\u2019a \u00e9bloui, ah oui dommage se battre c\u2019est pour \u00e7a qu\u2019il est l\u00e0, il a pas choisit ON lui a dit.<br \/>\nil s\u2019est battu ILS se sont battus, pourquoi ? contre qui? des Jacques ou des Malik comme lui ils n\u2019ont pas choisi ON leur a dit .<\/p>\n<p>Alors ils ont soufferts ils ont pleur\u00e9s et les autres sont morts Jacques lui a SUR-V\u00c9CU, c\u2019est pour ne pas l\u2019oublier, les oublier que Jacques est l\u00e0 TOUT NU aujourd\u2019hui il n\u2019a plus rien parce que ON s\u2019en fiche aujourd\u2019hui ON a oubli\u00e9 Jacques et ses amis aujourd\u2019hui.<\/p>\n<p>Alors Jacques essaye de se lever pour dire regardez nous, regardez moi ne m\u2019oubliez pas je suis encore l\u00e0, et NOUS nous pensons \u00e0 lui, \u00e0 eux, nous avons encore de l\u2019amour pour Jacques et Malik.[\/vc_column_text][\/vc_column][\/vc_row][vc_row][vc_column]<div class=\"eltdf-image-gallery eltdf-grid-list eltdf-grid-masonry-list eltdf-disable-bottom-space  eltdf-ig-masonry-type eltdf-three-columns eltdf-small-space  \">\n\t<div class=\"eltdf-ig-inner eltdf-outer-space eltdf-masonry-list-wrapper\">\n\t\t<div class=\"eltdf-masonry-grid-sizer\"><\/div>\n\t\t<div class=\"eltdf-masonry-grid-gutter\"><\/div>\n\t\t\t\t\t\t\t\t<div class=\"eltdf-ig-image eltdf-item-space \">\n\t\t\t\t<div class=\"eltdf-ig-image-inner\">\n\t\t\t\t\t\t\t\t\t\t\t<img width=\"426\" height=\"640\" src=\"https:\/\/colettehilaire-aquarelliste.fr\/wp-content\/uploads\/2021\/10\/c-hilaire-aquarelliste.jpeg\" class=\"attachment-full size-full\" alt=\"\" decoding=\"async\" loading=\"lazy\" srcset=\"https:\/\/colettehilaire-aquarelliste.fr\/wp-content\/uploads\/2021\/10\/c-hilaire-aquarelliste.jpeg 426w, https:\/\/colettehilaire-aquarelliste.fr\/wp-content\/uploads\/2021\/10\/c-hilaire-aquarelliste-200x300.jpeg 200w\" sizes=\"(max-width: 426px) 100vw, 426px\" \/>\t\t\t\t\t\t\t\t\t<\/div>\n\t\t\t<\/div>\n\t\t\t\t\t\t\t\t<div class=\"eltdf-ig-image eltdf-item-space \">\n\t\t\t\t<div class=\"eltdf-ig-image-inner\">\n\t\t\t\t\t\t\t\t\t\t\t<img width=\"426\" height=\"640\" src=\"https:\/\/colettehilaire-aquarelliste.fr\/wp-content\/uploads\/2021\/10\/colette-hilaire-aquarelliste-copie.jpeg\" class=\"attachment-full size-full\" alt=\"\" decoding=\"async\" loading=\"lazy\" srcset=\"https:\/\/colettehilaire-aquarelliste.fr\/wp-content\/uploads\/2021\/10\/colette-hilaire-aquarelliste-copie.jpeg 426w, https:\/\/colettehilaire-aquarelliste.fr\/wp-content\/uploads\/2021\/10\/colette-hilaire-aquarelliste-copie-200x300.jpeg 200w\" sizes=\"(max-width: 426px) 100vw, 426px\" \/>\t\t\t\t\t\t\t\t\t<\/div>\n\t\t\t<\/div>\n\t\t\t<\/div>\n<\/div>[\/vc_column][\/vc_row]<\/p>\n","protected":false},"excerpt":{"rendered":"<p>[vc_row row_content_width=\u00a0\u00bbgrid\u00a0\u00bb css=\u00a0\u00bb.vc_custom_1633430900706{margin-right: 60px !important;margin-left: 60px !important;padding-bottom: 110px !important;}\u00a0\u00bb][vc_column][vc_column_text css=\u00a0\u00bb.vc_custom_1700392676883{margin-top: 40px !important;}\u00a0\u00bb]Pauvre Jacques La vie ne l\u2019a pas \u00e9pargn\u00e9 Jacques, il est partit jeune trop jeune ON lui a dit qu\u2019il fallait se battre ON lui a mis un fusil [&hellip;]<\/p>\n","protected":false},"author":1,"featured_media":0,"parent":0,"menu_order":0,"comment_status":"closed","ping_status":"closed","template":"","meta":{"_monsterinsights_skip_tracking":false,"_monsterinsights_sitenote_active":false,"_monsterinsights_sitenote_note":"","_monsterinsights_sitenote_category":0},"_links":{"self":[{"href":"https:\/\/colettehilaire-aquarelliste.fr\/index.php\/wp-json\/wp\/v2\/pages\/2414"}],"collection":[{"href":"https:\/\/colettehilaire-aquarelliste.fr\/index.php\/wp-json\/wp\/v2\/pages"}],"about":[{"href":"https:\/\/colettehilaire-aquarelliste.fr\/index.php\/wp-json\/wp\/v2\/types\/page"}],"author":[{"embeddable":true,"href":"https:\/\/colettehilaire-aquarelliste.fr\/index.php\/wp-json\/wp\/v2\/users\/1"}],"replies":[{"embeddable":true,"href":"https:\/\/colettehilaire-aquarelliste.fr\/index.php\/wp-json\/wp\/v2\/comments?post=2414"}],"version-history":[{"count":38,"href":"https:\/\/colettehilaire-aquarelliste.fr\/index.php\/wp-json\/wp\/v2\/pages\/2414\/revisions"}],"predecessor-version":[{"id":3821,"href":"https:\/\/colettehilaire-aquarelliste.fr\/index.php\/wp-json\/wp\/v2\/pages\/2414\/revisions\/3821"}],"wp:attachment":[{"href":"https:\/\/colettehilaire-aquarelliste.fr\/index.php\/wp-json\/wp\/v2\/media?parent=2414"}],"curies":[{"name":"wp","href":"https:\/\/api.w.org\/{rel}","templated":true}]}}