{"id":2406,"date":"2021-10-05T11:42:50","date_gmt":"2021-10-05T09:42:50","guid":{"rendered":"http:\/\/colettehilaire-aquarelliste.fr\/?page_id=2406"},"modified":"2026-02-16T12:43:11","modified_gmt":"2026-02-16T11:43:11","slug":"packaging","status":"publish","type":"page","link":"https:\/\/colettehilaire-aquarelliste.fr\/index.php\/packaging\/","title":{"rendered":"ILLUSTRATION"},"content":{"rendered":"<p>[vc_row content_placement=\u00a0\u00bbmiddle\u00a0\u00bb row_content_width=\u00a0\u00bbgrid\u00a0\u00bb content_text_aligment=\u00a0\u00bbleft\u00a0\u00bb css=\u00a0\u00bb.vc_custom_1631955510907{padding-top: 45px !important;padding-bottom: 20px !important;}\u00a0\u00bb][vc_column]<div class=\"eltdf-elements-holder   eltdf-two-columns  eltdf-responsive-mode-1024 eltdf-one-column-alignment-left\" ><div class=\"eltdf-eh-item    \"  data-item-class=\"eltdf-eh-custom-7459\" data-1400-1600=\"0 42px 0 0\" data-1025-1399=\"0 30px 0 0\" data-769-1024=\"0 0 0 0\" data-681-768=\"0 0 0 0\" data-680=\"0 0 0 0\">\n\t<div class=\"eltdf-eh-item-inner\">\n\t\t<div class=\"eltdf-eh-item-content eltdf-eh-custom-7459\" style=\"padding: 0 42px 0 0\">\n\t\t\t<div class=\"eltdf-section-title-holder   eltdf-st-decorative-line\" style=\"text-align: left\">\n\t<div class=\"eltdf-st-inner\">\n                    <span class=\"eltdf-st-caption\" style=\"color: #c9ab81;margin: 0 0 5px 0\">\n                <span class=\"eltdf-st-caption-inner\" >L\u2019aquarelle comme langage<\/span>\n            <\/span>\n        \t\t\t\t\t\t\t<\/div>\n<\/div>[vc_column_text]<\/p>\n<p>L\u2019eau, le pigment, le silence du papier.<br \/>\nMes aquarelles naissent de cette rencontre fragile entre la lumi\u00e8re et la couleur. Chaque \u0153uvre est une respiration, une \u00e9motion d\u00e9pos\u00e9e avec d\u00e9licatesse.<\/p>\n<p>J\u2019aime explorer les nuances, laisser les transparences raconter ce que les mots sugg\u00e8rent \u00e0 peine. Je souhaite que mon travail s&rsquo;inscrive dans une recherche de sensibilit\u00e9, de po\u00e9sie et de mouvement, pour pouvoir r\u00eaver.<\/p>\n<p>Donner une \u00e2me aux projets<\/p>\n<p><strong><em>Mes illustrations peuvent accompagner<\/em><\/strong> :<br \/>\n\u2022 des livres \u2013 romans, po\u00e9sie, litt\u00e9rature jeunesse<br \/>\n\u2022 des affiches pour chanteurs, acteurs, spectacles ou \u00e9v\u00e9nements culturels<br \/>\n\u2022 des projets artistiques ou \u00e9ditoriaux vari\u00e9s<br \/>\n\u2022 des collaborations cr\u00e9atives sur mesure<\/p>\n<p>Chaque projet devient un dialogue. Je cherche \u00e0 en r\u00e9v\u00e9ler l\u2019atmosph\u00e8re, la vibration int\u00e9rieure, la part sensible.<\/p>\n<p>Une cr\u00e9ation unique<\/p>\n<p>Je r\u00e9alise chaque illustration \u00e0 la main, avec le soin et l\u2019attention que demande l\u2019aquarelle.<br \/>\nTravailler ensemble, c\u2019est imaginer une image qui ne se contente pas d\u2019illustrer, mais qui laisse une trace.[\/vc_column_text][vc_empty_space height=\u00a0\u00bb40px\u00a0\u00bb]\t\t<\/div>\n\t<\/div>\n<\/div><\/div>[\/vc_column][\/vc_row][vc_row][vc_column]<div class=\"eltdf-image-gallery eltdf-grid-list eltdf-grid-masonry-list eltdf-disable-bottom-space  eltdf-ig-masonry-type eltdf-three-columns eltdf-tiny-space  \">\n\t<div class=\"eltdf-ig-inner eltdf-outer-space eltdf-masonry-list-wrapper\">\n\t\t<div class=\"eltdf-masonry-grid-sizer\"><\/div>\n\t\t<div class=\"eltdf-masonry-grid-gutter\"><\/div>\n\t\t\t\t\t\t\t\t<div class=\"eltdf-ig-image eltdf-item-space \">\n\t\t\t\t<div class=\"eltdf-ig-image-inner\">\n\t\t\t\t\t\t\t\t\t\t\t<img width=\"1382\" height=\"1400\" src=\"https:\/\/colettehilaire-aquarelliste.fr\/wp-content\/uploads\/2026\/02\/10-2.png\" class=\"attachment-full size-full\" alt=\"\" decoding=\"async\" loading=\"lazy\" srcset=\"https:\/\/colettehilaire-aquarelliste.fr\/wp-content\/uploads\/2026\/02\/10-2.png 1382w, https:\/\/colettehilaire-aquarelliste.fr\/wp-content\/uploads\/2026\/02\/10-2-296x300.png 296w, https:\/\/colettehilaire-aquarelliste.fr\/wp-content\/uploads\/2026\/02\/10-2-1011x1024.png 1011w, https:\/\/colettehilaire-aquarelliste.fr\/wp-content\/uploads\/2026\/02\/10-2-768x778.png 768w\" sizes=\"(max-width: 1382px) 100vw, 1382px\" \/>\t\t\t\t\t\t\t\t\t<\/div>\n\t\t\t<\/div>\n\t\t\t\t\t\t\t\t<div class=\"eltdf-ig-image eltdf-item-space \">\n\t\t\t\t<div class=\"eltdf-ig-image-inner\">\n\t\t\t\t\t\t\t\t\t\t\t<img width=\"2026\" height=\"2020\" src=\"https:\/\/colettehilaire-aquarelliste.fr\/wp-content\/uploads\/2026\/02\/6-2.png\" class=\"attachment-full size-full\" alt=\"\" decoding=\"async\" loading=\"lazy\" srcset=\"https:\/\/colettehilaire-aquarelliste.fr\/wp-content\/uploads\/2026\/02\/6-2.png 2026w, https:\/\/colettehilaire-aquarelliste.fr\/wp-content\/uploads\/2026\/02\/6-2-300x300.png 300w, https:\/\/colettehilaire-aquarelliste.fr\/wp-content\/uploads\/2026\/02\/6-2-1024x1021.png 1024w, https:\/\/colettehilaire-aquarelliste.fr\/wp-content\/uploads\/2026\/02\/6-2-150x150.png 150w, https:\/\/colettehilaire-aquarelliste.fr\/wp-content\/uploads\/2026\/02\/6-2-768x766.png 768w, https:\/\/colettehilaire-aquarelliste.fr\/wp-content\/uploads\/2026\/02\/6-2-1536x1531.png 1536w\" sizes=\"(max-width: 2026px) 100vw, 2026px\" \/>\t\t\t\t\t\t\t\t\t<\/div>\n\t\t\t<\/div>\n\t\t\t\t\t\t\t\t<div class=\"eltdf-ig-image eltdf-item-space \">\n\t\t\t\t<div class=\"eltdf-ig-image-inner\">\n\t\t\t\t\t\t\t\t\t\t\t<img width=\"2010\" height=\"2022\" src=\"https:\/\/colettehilaire-aquarelliste.fr\/wp-content\/uploads\/2026\/02\/7-2.png\" class=\"attachment-full size-full\" alt=\"\" decoding=\"async\" loading=\"lazy\" srcset=\"https:\/\/colettehilaire-aquarelliste.fr\/wp-content\/uploads\/2026\/02\/7-2.png 2010w, https:\/\/colettehilaire-aquarelliste.fr\/wp-content\/uploads\/2026\/02\/7-2-298x300.png 298w, https:\/\/colettehilaire-aquarelliste.fr\/wp-content\/uploads\/2026\/02\/7-2-1018x1024.png 1018w, https:\/\/colettehilaire-aquarelliste.fr\/wp-content\/uploads\/2026\/02\/7-2-150x150.png 150w, https:\/\/colettehilaire-aquarelliste.fr\/wp-content\/uploads\/2026\/02\/7-2-768x773.png 768w, https:\/\/colettehilaire-aquarelliste.fr\/wp-content\/uploads\/2026\/02\/7-2-1527x1536.png 1527w\" sizes=\"(max-width: 2010px) 100vw, 2010px\" \/>\t\t\t\t\t\t\t\t\t<\/div>\n\t\t\t<\/div>\n\t\t\t<\/div>\n<\/div>[\/vc_column][\/vc_row]<\/p>\n","protected":false},"excerpt":{"rendered":"<p>[vc_row content_placement=\u00a0\u00bbmiddle\u00a0\u00bb row_content_width=\u00a0\u00bbgrid\u00a0\u00bb content_text_aligment=\u00a0\u00bbleft\u00a0\u00bb css=\u00a0\u00bb.vc_custom_1631955510907{padding-top: 45px !important;padding-bottom: 20px !important;}\u00a0\u00bb][vc_column][\/vc_column][\/vc_row][vc_row][vc_column][\/vc_column][\/vc_row]<\/p>\n","protected":false},"author":1,"featured_media":0,"parent":0,"menu_order":0,"comment_status":"closed","ping_status":"closed","template":"","meta":{"_monsterinsights_skip_tracking":false,"_monsterinsights_sitenote_active":false,"_monsterinsights_sitenote_note":"","_monsterinsights_sitenote_category":0},"_links":{"self":[{"href":"https:\/\/colettehilaire-aquarelliste.fr\/index.php\/wp-json\/wp\/v2\/pages\/2406"}],"collection":[{"href":"https:\/\/colettehilaire-aquarelliste.fr\/index.php\/wp-json\/wp\/v2\/pages"}],"about":[{"href":"https:\/\/colettehilaire-aquarelliste.fr\/index.php\/wp-json\/wp\/v2\/types\/page"}],"author":[{"embeddable":true,"href":"https:\/\/colettehilaire-aquarelliste.fr\/index.php\/wp-json\/wp\/v2\/users\/1"}],"replies":[{"embeddable":true,"href":"https:\/\/colettehilaire-aquarelliste.fr\/index.php\/wp-json\/wp\/v2\/comments?post=2406"}],"version-history":[{"count":66,"href":"https:\/\/colettehilaire-aquarelliste.fr\/index.php\/wp-json\/wp\/v2\/pages\/2406\/revisions"}],"predecessor-version":[{"id":4175,"href":"https:\/\/colettehilaire-aquarelliste.fr\/index.php\/wp-json\/wp\/v2\/pages\/2406\/revisions\/4175"}],"wp:attachment":[{"href":"https:\/\/colettehilaire-aquarelliste.fr\/index.php\/wp-json\/wp\/v2\/media?parent=2406"}],"curies":[{"name":"wp","href":"https:\/\/api.w.org\/{rel}","templated":true}]}}