{"id":2401,"date":"2021-10-05T11:34:48","date_gmt":"2021-10-05T09:34:48","guid":{"rendered":"http:\/\/colettehilaire-aquarelliste.fr\/?page_id=2401"},"modified":"2023-11-19T12:35:02","modified_gmt":"2023-11-19T11:35:02","slug":"les-fourmis","status":"publish","type":"page","link":"https:\/\/colettehilaire-aquarelliste.fr\/index.php\/les-fourmis\/","title":{"rendered":"LES FOURMIS"},"content":{"rendered":"<p>[vc_row content_placement=\u00a0\u00bbmiddle\u00a0\u00bb row_content_width=\u00a0\u00bbgrid\u00a0\u00bb content_text_aligment=\u00a0\u00bbleft\u00a0\u00bb css=\u00a0\u00bb.vc_custom_1631955510907{padding-top: 45px !important;padding-bottom: 20px !important;}\u00a0\u00bb][vc_column]<div class=\"eltdf-elements-holder   eltdf-two-columns  eltdf-responsive-mode-1024 eltdf-one-column-alignment-left\" ><div class=\"eltdf-eh-item    \"  data-item-class=\"eltdf-eh-custom-7140\" data-1400-1600=\"0 42px 0 0\" data-1025-1399=\"0 30px 0 0\" data-769-1024=\"0 0 0 0\" data-681-768=\"0 0 0 0\" data-680=\"0 0 0 0\">\n\t<div class=\"eltdf-eh-item-inner\">\n\t\t<div class=\"eltdf-eh-item-content eltdf-eh-custom-7140\" style=\"padding: 0 42px 0 0\">\n\t\t\t<div class=\"eltdf-section-title-holder   eltdf-st-decorative-line\" style=\"text-align: left\">\n\t<div class=\"eltdf-st-inner\">\n                    <span class=\"eltdf-st-caption\" style=\"color: #c9ab81;margin: 0 0 5px 0\">\n                <span class=\"eltdf-st-caption-inner\" >Jolies petites ouvri\u00e8res<\/span>\n            <\/span>\n        \t\t\t\t\t\t\t<\/div>\n<\/div>[vc_column_text]<\/p>\n<p>Quand on les observe elles nous voient ! elles prennent peur et se sauvent sans cesse en mouvement elles sont fascinantes ,<br \/>\nLorsque j\u2019ai appris \u00ab qu\u2019elles ont la\u00a0capacit\u00e9 de transporter entre 10 et 50 fois leur propre poids, la fourmi tisserande, par exemple, peut soulever 100 fois son propre poids \u00bb[\/vc_column_text]\t\t<\/div>\n\t<\/div>\n<\/div><div class=\"eltdf-eh-item    \"  data-item-class=\"eltdf-eh-custom-6527\" data-1400-1600=\"68px 12px 0 30px\" data-1025-1399=\"68px 0 0 30px\" data-769-1024=\"53px 160px 0 0\" data-681-768=\"53px 0 0 0\" data-680=\"53px 0 0 0\">\n\t<div class=\"eltdf-eh-item-inner\">\n\t\t<div class=\"eltdf-eh-item-content eltdf-eh-custom-6527\" style=\"padding: 68px 12px 0 30px\">\n\t\t\t[vc_empty_space height=\u00a0\u00bb4px\u00a0\u00bb][vc_column_text]je n\u2019en revenais pas, la nature est extraordinaire et nous apprend \u00e9norm\u00e9ment, comment \u00e9galer cette prouesse ? Chaque jour sous nos yeux et pas d\u2019\u00e9tonnement ! pourtant \u00e0 bien y r\u00e9fl\u00e9chir cette facult\u00e9 est incroyable.Il faut admettre en toute humilit\u00e9 que compar\u00e9 \u00e0 nos petits exploits \u00ab d\u2019humain \u00bb<br \/>\nl\u00e0 sous nos yeux nul besoin de chercher ailleurs pour trouver l\u2019extraordinaire .[\/vc_column_text]\t\t<\/div>\n\t<\/div>\n<\/div><\/div>[\/vc_column][\/vc_row][vc_row css=\u00a0\u00bb.vc_custom_1634481430680{margin-top: 40px !important;}\u00a0\u00bb][vc_column]<div class=\"eltdf-image-gallery eltdf-grid-list eltdf-grid-masonry-list eltdf-disable-bottom-space  eltdf-ig-masonry-type eltdf-three-columns eltdf-tiny-space  \">\n\t<div class=\"eltdf-ig-inner eltdf-outer-space eltdf-masonry-list-wrapper\">\n\t\t<div class=\"eltdf-masonry-grid-sizer\"><\/div>\n\t\t<div class=\"eltdf-masonry-grid-gutter\"><\/div>\n\t\t\t\t\t\t\t\t<div class=\"eltdf-ig-image eltdf-item-space \">\n\t\t\t\t<div class=\"eltdf-ig-image-inner\">\n\t\t\t\t\t\t\t\t\t\t\t<img width=\"640\" height=\"481\" src=\"https:\/\/colettehilaire-aquarelliste.fr\/wp-content\/uploads\/2021\/10\/lesfourmis.jpg\" class=\"attachment-full size-full\" alt=\"\" decoding=\"async\" loading=\"lazy\" srcset=\"https:\/\/colettehilaire-aquarelliste.fr\/wp-content\/uploads\/2021\/10\/lesfourmis.jpg 640w, https:\/\/colettehilaire-aquarelliste.fr\/wp-content\/uploads\/2021\/10\/lesfourmis-300x225.jpg 300w, https:\/\/colettehilaire-aquarelliste.fr\/wp-content\/uploads\/2021\/10\/lesfourmis-600x451.jpg 600w\" sizes=\"(max-width: 640px) 100vw, 640px\" \/>\t\t\t\t\t\t\t\t\t<\/div>\n\t\t\t<\/div>\n\t\t\t\t\t\t\t\t<div class=\"eltdf-ig-image eltdf-item-space \">\n\t\t\t\t<div class=\"eltdf-ig-image-inner\">\n\t\t\t\t\t\t\t\t\t\t\t<img width=\"640\" height=\"481\" src=\"https:\/\/colettehilaire-aquarelliste.fr\/wp-content\/uploads\/2021\/10\/lesfourmis2.jpg\" class=\"attachment-full size-full\" alt=\"\" decoding=\"async\" loading=\"lazy\" srcset=\"https:\/\/colettehilaire-aquarelliste.fr\/wp-content\/uploads\/2021\/10\/lesfourmis2.jpg 640w, https:\/\/colettehilaire-aquarelliste.fr\/wp-content\/uploads\/2021\/10\/lesfourmis2-300x225.jpg 300w, https:\/\/colettehilaire-aquarelliste.fr\/wp-content\/uploads\/2021\/10\/lesfourmis2-600x451.jpg 600w\" sizes=\"(max-width: 640px) 100vw, 640px\" \/>\t\t\t\t\t\t\t\t\t<\/div>\n\t\t\t<\/div>\n\t\t\t\t\t\t\t\t<div class=\"eltdf-ig-image eltdf-item-space \">\n\t\t\t\t<div class=\"eltdf-ig-image-inner\">\n\t\t\t\t\t\t\t\t\t\t\t<img width=\"960\" height=\"1280\" src=\"https:\/\/colettehilaire-aquarelliste.fr\/wp-content\/uploads\/2022\/04\/colette-hilaire-aquarelle-rotated.jpg\" class=\"attachment-full size-full\" alt=\"\" decoding=\"async\" loading=\"lazy\" srcset=\"https:\/\/colettehilaire-aquarelliste.fr\/wp-content\/uploads\/2022\/04\/colette-hilaire-aquarelle-rotated.jpg 960w, https:\/\/colettehilaire-aquarelliste.fr\/wp-content\/uploads\/2022\/04\/colette-hilaire-aquarelle-225x300.jpg 225w, https:\/\/colettehilaire-aquarelliste.fr\/wp-content\/uploads\/2022\/04\/colette-hilaire-aquarelle-768x1024.jpg 768w\" sizes=\"(max-width: 960px) 100vw, 960px\" \/>\t\t\t\t\t\t\t\t\t<\/div>\n\t\t\t<\/div>\n\t\t\t<\/div>\n<\/div>[\/vc_column][\/vc_row]<\/p>\n","protected":false},"excerpt":{"rendered":"<p>[vc_row content_placement=\u00a0\u00bbmiddle\u00a0\u00bb row_content_width=\u00a0\u00bbgrid\u00a0\u00bb content_text_aligment=\u00a0\u00bbleft\u00a0\u00bb css=\u00a0\u00bb.vc_custom_1631955510907{padding-top: 45px !important;padding-bottom: 20px !important;}\u00a0\u00bb][vc_column][\/vc_column][\/vc_row][vc_row css=\u00a0\u00bb.vc_custom_1634481430680{margin-top: 40px !important;}\u00a0\u00bb][vc_column][\/vc_column][\/vc_row]<\/p>\n","protected":false},"author":1,"featured_media":0,"parent":0,"menu_order":0,"comment_status":"closed","ping_status":"closed","template":"","meta":{"_monsterinsights_skip_tracking":false,"_monsterinsights_sitenote_active":false,"_monsterinsights_sitenote_note":"","_monsterinsights_sitenote_category":0},"_links":{"self":[{"href":"https:\/\/colettehilaire-aquarelliste.fr\/index.php\/wp-json\/wp\/v2\/pages\/2401"}],"collection":[{"href":"https:\/\/colettehilaire-aquarelliste.fr\/index.php\/wp-json\/wp\/v2\/pages"}],"about":[{"href":"https:\/\/colettehilaire-aquarelliste.fr\/index.php\/wp-json\/wp\/v2\/types\/page"}],"author":[{"embeddable":true,"href":"https:\/\/colettehilaire-aquarelliste.fr\/index.php\/wp-json\/wp\/v2\/users\/1"}],"replies":[{"embeddable":true,"href":"https:\/\/colettehilaire-aquarelliste.fr\/index.php\/wp-json\/wp\/v2\/comments?post=2401"}],"version-history":[{"count":21,"href":"https:\/\/colettehilaire-aquarelliste.fr\/index.php\/wp-json\/wp\/v2\/pages\/2401\/revisions"}],"predecessor-version":[{"id":3773,"href":"https:\/\/colettehilaire-aquarelliste.fr\/index.php\/wp-json\/wp\/v2\/pages\/2401\/revisions\/3773"}],"wp:attachment":[{"href":"https:\/\/colettehilaire-aquarelliste.fr\/index.php\/wp-json\/wp\/v2\/media?parent=2401"}],"curies":[{"name":"wp","href":"https:\/\/api.w.org\/{rel}","templated":true}]}}