{"id":2364,"date":"2021-09-29T18:10:54","date_gmt":"2021-09-29T16:10:54","guid":{"rendered":"http:\/\/colettehilaire-aquarelliste.fr\/?page_id=2364"},"modified":"2026-02-16T17:12:23","modified_gmt":"2026-02-16T16:12:23","slug":"petites-histoires","status":"publish","type":"page","link":"https:\/\/colettehilaire-aquarelliste.fr\/index.php\/petites-histoires\/","title":{"rendered":"R\u00eaverie"},"content":{"rendered":"<p>[vc_row gap=\u00a0\u00bb35&Prime; equal_height=\u00a0\u00bbyes\u00a0\u00bb content_text_aligment=\u00a0\u00bbcenter\u00a0\u00bb css=\u00a0\u00bb.vc_custom_1700407528210{padding-bottom: 0px !important;}\u00a0\u00bb][vc_column width=\u00a0\u00bb1\/4&Prime; offset=\u00a0\u00bbvc_col-lg-offset-0 vc_col-lg-12 vc_col-md-offset-0 vc_col-md-12 vc_col-sm-offset-0 vc_col-xs-12&Prime;]<div class=\"eltdf-section-title-holder   eltdf-st-decorative-line\" style=\"padding: 0 10%;text-align: center\">\n\t<div class=\"eltdf-st-inner\">\n        \t\t\t\t\t<h1 class=\"eltdf-st-title\" >\n    <span class=\"eltdf-st-title-inner\"><span class=\"eltdf-st-side-line-left\" ><\/span>R\u00eaverie<span class=\"eltdf-st-side-line-right\" ><\/span><\/span>\n\t\t\t<\/h1>\n\t\t\t\t\t\t\t<\/div>\n<\/div>[vc_column_text css=\u00a0\u00bb.vc_custom_1638880246501{margin-top: 40px !important;}\u00a0\u00bb]R\u00eave\u2026 ou r\u00eaverie?<\/p>\n<p>\u00ab<em>\u00a0La r\u00eaverie; le sujet la construit ou en a l\u2019illusion.<br \/>\nLe r\u00eave, il le subit.\u00a0<\/em>\u00bb<br \/>\n<em>(Henri Michaux)<\/em><\/p>\n<p>Tous les mod\u00e8les, qu\u2019ils soient humain, animal ou v\u00e9g\u00e9tal, ont leurs propres v\u00e9cus.<br \/>\nChaque aquarelle qui s\u2019en inspire a donc sa propre histoire.<br \/>\nCertaines sont d\u00e9voil\u00e9es; d\u2019autres sont plus myst\u00e9rieuses.<br \/>\nEn les observant et en les dessinant, un autre comte apparait dans mon esprit. Les id\u00e9es vagabondent comme un grand tourbillon.<br \/>\nNaissent alors des petites histoires, r\u00e9elles ou fictives, que je tiens \u00e0 partager pour aller plus loin que le trait de peinture. Pour \u00e9changer. Pour s\u2019envoler un instant et faire ce que j\u2019aime : R\u00caVER[\/vc_column_text]<div class=\"eltdf-elements-holder   eltdf-four-columns  eltdf-responsive-mode-480 eltdf-one-column-alignment-center\" ><div class=\"eltdf-eh-item   eltdf-horizontal-alignment-center \"  data-item-class=\"eltdf-eh-custom-8746\" data-1400-1600=\"0 10px 0 10px\" data-1025-1399=\"0 10px 0 10px\" data-769-1024=\"0 40px\" data-681-768=\"0 40px\" data-680=\"0 20px\">\n\t<div class=\"eltdf-eh-item-inner\">\n\t\t<div class=\"eltdf-eh-item-content eltdf-eh-custom-8746\" style=\"padding: 0 10px 0 10px\">\n\t\t\t[vc_empty_space height=\u00a0\u00bb120&Prime;]<div class=\"eltdf-banner-holder  eltdf-visible-on-hover eltdf-banner-info-centered\">\n    <div class=\"eltdf-banner-image\">\n        <img width=\"1703\" height=\"2560\" src=\"https:\/\/colettehilaire-aquarelliste.fr\/wp-content\/uploads\/2023\/11\/colette-hilaire-aquarelliste-scaled.jpg\" class=\"attachment-full size-full\" alt=\"\" decoding=\"async\" loading=\"lazy\" srcset=\"https:\/\/colettehilaire-aquarelliste.fr\/wp-content\/uploads\/2023\/11\/colette-hilaire-aquarelliste-scaled.jpg 1703w, https:\/\/colettehilaire-aquarelliste.fr\/wp-content\/uploads\/2023\/11\/colette-hilaire-aquarelliste-200x300.jpg 200w, https:\/\/colettehilaire-aquarelliste.fr\/wp-content\/uploads\/2023\/11\/colette-hilaire-aquarelliste-681x1024.jpg 681w, https:\/\/colettehilaire-aquarelliste.fr\/wp-content\/uploads\/2023\/11\/colette-hilaire-aquarelliste-768x1154.jpg 768w, https:\/\/colettehilaire-aquarelliste.fr\/wp-content\/uploads\/2023\/11\/colette-hilaire-aquarelliste-1022x1536.jpg 1022w, https:\/\/colettehilaire-aquarelliste.fr\/wp-content\/uploads\/2023\/11\/colette-hilaire-aquarelliste-1363x2048.jpg 1363w\" sizes=\"(max-width: 1703px) 100vw, 1703px\" \/>    <\/div>\n    <div class=\"eltdf-banner-text-holder\" >\n\t    <div class=\"eltdf-banner-text-outer\">\n\t\t    <div class=\"eltdf-banner-text-inner\">\n                \t\t        \t\t            <p class=\"eltdf-banner-title\" >\n\t\t                Pauvre Jacques\t                <\/p>\n\t\t                        \t\t\t\t\t\t\t<\/div>\n\t\t<\/div>\n\t<\/div>\n\t        <a itemprop=\"url\" class=\"eltdf-banner-link\" href=\"http:\/\/colettehilaire-aquarelliste.fr\/index.php\/pauvre-jacques\/\" target=\"_blank\"><\/a>\n    <\/div>[vc_separator css=\u00a0\u00bb.vc_custom_1756394378263{margin-top: 40px !important;}\u00a0\u00bb]\t\t<\/div>\n\t<\/div>\n<\/div><div class=\"eltdf-eh-item   eltdf-horizontal-alignment-center \"  data-item-class=\"eltdf-eh-custom-4198\" data-1400-1600=\"0 10px 0 10px\" data-1025-1399=\"0 10px 0 10px\" data-769-1024=\"0 40px\" data-681-768=\"0 40px\" data-680=\"0 20px\">\n\t<div class=\"eltdf-eh-item-inner\">\n\t\t<div class=\"eltdf-eh-item-content eltdf-eh-custom-4198\" style=\"padding: 0 10px 0 10px\">\n\t\t\t<div class=\"eltdf-banner-holder  eltdf-visible-on-hover eltdf-banner-info-centered\">\n    <div class=\"eltdf-banner-image\">\n        <img width=\"480\" height=\"640\" src=\"https:\/\/colettehilaire-aquarelliste.fr\/wp-content\/uploads\/2021\/10\/colette-hilaire-aquarelliste-1-1.jpeg\" class=\"attachment-full size-full\" alt=\"\" decoding=\"async\" loading=\"lazy\" srcset=\"https:\/\/colettehilaire-aquarelliste.fr\/wp-content\/uploads\/2021\/10\/colette-hilaire-aquarelliste-1-1.jpeg 480w, https:\/\/colettehilaire-aquarelliste.fr\/wp-content\/uploads\/2021\/10\/colette-hilaire-aquarelliste-1-1-225x300.jpeg 225w\" sizes=\"(max-width: 480px) 100vw, 480px\" \/>    <\/div>\n    <div class=\"eltdf-banner-text-holder\" >\n\t    <div class=\"eltdf-banner-text-outer\">\n\t\t    <div class=\"eltdf-banner-text-inner\">\n                \t\t        \t\t            <p class=\"eltdf-banner-title\" >\n\t\t                Le corarbre\t                <\/p>\n\t\t                        \t\t\t\t\t\t\t<\/div>\n\t\t<\/div>\n\t<\/div>\n\t        <a itemprop=\"url\" class=\"eltdf-banner-link\" href=\"http:\/\/colettehilaire-aquarelliste.fr\/index.php\/le-corarbre\/\" target=\"_self\"><\/a>\n    <\/div>[vc_separator css=\u00a0\u00bb.vc_custom_1756394387997{margin-top: 40px !important;}\u00a0\u00bb]\t\t<\/div>\n\t<\/div>\n<\/div><div class=\"eltdf-eh-item   eltdf-horizontal-alignment-center \"  data-item-class=\"eltdf-eh-custom-4663\" data-1400-1600=\"0 10px 0 10px\" data-1025-1399=\"0 10px 0 10px\" data-769-1024=\"0 40px\" data-681-768=\"0 40px\" data-680=\"0 20px\">\n\t<div class=\"eltdf-eh-item-inner\">\n\t\t<div class=\"eltdf-eh-item-content eltdf-eh-custom-4663\" style=\"padding: 0 10px 0 10px\">\n\t\t\t<div class=\"eltdf-banner-holder  eltdf-visible-on-hover eltdf-banner-info-centered\">\n    <div class=\"eltdf-banner-image\">\n        <img width=\"2560\" height=\"1920\" src=\"https:\/\/colettehilaire-aquarelliste.fr\/wp-content\/uploads\/2023\/11\/colette.hilaire-scaled.jpg\" class=\"attachment-full size-full\" alt=\"\" decoding=\"async\" loading=\"lazy\" srcset=\"https:\/\/colettehilaire-aquarelliste.fr\/wp-content\/uploads\/2023\/11\/colette.hilaire-scaled.jpg 2560w, https:\/\/colettehilaire-aquarelliste.fr\/wp-content\/uploads\/2023\/11\/colette.hilaire-300x225.jpg 300w, https:\/\/colettehilaire-aquarelliste.fr\/wp-content\/uploads\/2023\/11\/colette.hilaire-1024x768.jpg 1024w, https:\/\/colettehilaire-aquarelliste.fr\/wp-content\/uploads\/2023\/11\/colette.hilaire-768x576.jpg 768w, https:\/\/colettehilaire-aquarelliste.fr\/wp-content\/uploads\/2023\/11\/colette.hilaire-1536x1152.jpg 1536w\" sizes=\"(max-width: 2560px) 100vw, 2560px\" \/>    <\/div>\n    <div class=\"eltdf-banner-text-holder\" >\n\t    <div class=\"eltdf-banner-text-outer\">\n\t\t    <div class=\"eltdf-banner-text-inner\">\n                \t\t        \t\t            <p class=\"eltdf-banner-title\" >\n\t\t                Le ciel\t                <\/p>\n\t\t                        \t\t\t\t\t\t\t<\/div>\n\t\t<\/div>\n\t<\/div>\n\t        <a itemprop=\"url\" class=\"eltdf-banner-link\" href=\"http:\/\/colettehilaire-aquarelliste.fr\/index.php\/le-ciel\/\" target=\"_blank\"><\/a>\n    <\/div>[vc_separator css=\u00a0\u00bb.vc_custom_1756394397063{margin-top: 40px !important;}\u00a0\u00bb]\t\t<\/div>\n\t<\/div>\n<\/div><div class=\"eltdf-eh-item   eltdf-horizontal-alignment-center \"  data-item-class=\"eltdf-eh-custom-7095\" data-1400-1600=\"0 10px 0 10px\" data-1025-1399=\"0 10px 0 10px\" data-769-1024=\"0 40px\" data-681-768=\"0 40px\" data-680=\"0 20px\">\n\t<div class=\"eltdf-eh-item-inner\">\n\t\t<div class=\"eltdf-eh-item-content eltdf-eh-custom-7095\" style=\"padding: 0 10px 0 10px\">\n\t\t\t<div class=\"eltdf-banner-holder  eltdf-visible-on-hover eltdf-banner-info-centered\">\n    <div class=\"eltdf-banner-image\">\n        <img width=\"640\" height=\"480\" src=\"https:\/\/colettehilaire-aquarelliste.fr\/wp-content\/uploads\/2021\/10\/le-masque.jpg\" class=\"attachment-full size-full\" alt=\"\" decoding=\"async\" loading=\"lazy\" srcset=\"https:\/\/colettehilaire-aquarelliste.fr\/wp-content\/uploads\/2021\/10\/le-masque.jpg 640w, https:\/\/colettehilaire-aquarelliste.fr\/wp-content\/uploads\/2021\/10\/le-masque-300x225.jpg 300w, https:\/\/colettehilaire-aquarelliste.fr\/wp-content\/uploads\/2021\/10\/le-masque-600x450.jpg 600w\" sizes=\"(max-width: 640px) 100vw, 640px\" \/>    <\/div>\n    <div class=\"eltdf-banner-text-holder\" >\n\t    <div class=\"eltdf-banner-text-outer\">\n\t\t    <div class=\"eltdf-banner-text-inner\">\n                \t\t        \t\t            <p class=\"eltdf-banner-title\" >\n\t\t                Le masque\t                <\/p>\n\t\t                        \t\t\t\t\t\t\t<\/div>\n\t\t<\/div>\n\t<\/div>\n\t        <a itemprop=\"url\" class=\"eltdf-banner-link\" href=\"http:\/\/colettehilaire-aquarelliste.fr\/index.php\/le-masque\/\" target=\"_self\"><\/a>\n    <\/div>[vc_separator css=\u00a0\u00bb.vc_custom_1756394405452{margin-top: 40px !important;}\u00a0\u00bb]\t\t<\/div>\n\t<\/div>\n<\/div><div class=\"eltdf-eh-item   eltdf-horizontal-alignment-center \"  data-item-class=\"eltdf-eh-custom-8236\" data-1400-1600=\"0 10px 0 10px\" data-1025-1399=\"0 10px 0 10px\" data-769-1024=\"0 40px\" data-681-768=\"0 40px\" data-680=\"0 20px\">\n\t<div class=\"eltdf-eh-item-inner\">\n\t\t<div class=\"eltdf-eh-item-content eltdf-eh-custom-8236\" style=\"padding: 0 10px 0 10px\">\n\t\t\t<div class=\"eltdf-banner-holder bloccarre eltdf-visible-on-hover eltdf-banner-info-centered\">\n    <div class=\"eltdf-banner-image\">\n        <img width=\"541\" height=\"480\" src=\"https:\/\/colettehilaire-aquarelliste.fr\/wp-content\/uploads\/2021\/10\/olivier1.jpg\" class=\"attachment-full size-full\" alt=\"\" decoding=\"async\" loading=\"lazy\" srcset=\"https:\/\/colettehilaire-aquarelliste.fr\/wp-content\/uploads\/2021\/10\/olivier1.jpg 541w, https:\/\/colettehilaire-aquarelliste.fr\/wp-content\/uploads\/2021\/10\/olivier1-300x266.jpg 300w\" sizes=\"(max-width: 541px) 100vw, 541px\" \/>    <\/div>\n    <div class=\"eltdf-banner-text-holder\" >\n\t    <div class=\"eltdf-banner-text-outer\">\n\t\t    <div class=\"eltdf-banner-text-inner\">\n                \t\t        \t\t            <p class=\"eltdf-banner-title\" >\n\t\t                Olivier\t                <\/p>\n\t\t                        \t\t\t\t\t\t\t<\/div>\n\t\t<\/div>\n\t<\/div>\n\t        <a itemprop=\"url\" class=\"eltdf-banner-link\" href=\"http:\/\/colettehilaire-aquarelliste.fr\/index.php\/olivier\/\" target=\"_self\"><\/a>\n    <\/div>[vc_separator css=\u00a0\u00bb.vc_custom_1756394425219{margin-top: 40px !important;}\u00a0\u00bb]\t\t<\/div>\n\t<\/div>\n<\/div><div class=\"eltdf-eh-item   eltdf-horizontal-alignment-center \"  data-item-class=\"eltdf-eh-custom-5109\" data-1400-1600=\"0 10px 0 10px\" data-1025-1399=\"0 10px 0 10px\" data-769-1024=\"0 40px\" data-681-768=\"0 40px\" data-680=\"20px\">\n\t<div class=\"eltdf-eh-item-inner\">\n\t\t<div class=\"eltdf-eh-item-content eltdf-eh-custom-5109\" style=\"padding: 0 10px 0 10px\">\n\t\t\t<div class=\"eltdf-banner-holder bloccarre eltdf-visible-on-hover eltdf-banner-info-centered\">\n    <div class=\"eltdf-banner-image\">\n        <img width=\"612\" height=\"480\" src=\"https:\/\/colettehilaire-aquarelliste.fr\/wp-content\/uploads\/2021\/10\/reve-eveille.jpg\" class=\"attachment-full size-full\" alt=\"\" decoding=\"async\" loading=\"lazy\" srcset=\"https:\/\/colettehilaire-aquarelliste.fr\/wp-content\/uploads\/2021\/10\/reve-eveille.jpg 612w, https:\/\/colettehilaire-aquarelliste.fr\/wp-content\/uploads\/2021\/10\/reve-eveille-300x235.jpg 300w, https:\/\/colettehilaire-aquarelliste.fr\/wp-content\/uploads\/2021\/10\/reve-eveille-600x471.jpg 600w\" sizes=\"(max-width: 612px) 100vw, 612px\" \/>    <\/div>\n    <div class=\"eltdf-banner-text-holder\" >\n\t    <div class=\"eltdf-banner-text-outer\">\n\t\t    <div class=\"eltdf-banner-text-inner\">\n                \t\t        \t\t            <p class=\"eltdf-banner-title\" >\n\t\t                R\u00eave \u00e9veill\u00e9\t                <\/p>\n\t\t                        \t\t\t\t\t\t\t<\/div>\n\t\t<\/div>\n\t<\/div>\n\t        <a itemprop=\"url\" class=\"eltdf-banner-link\" href=\"http:\/\/colettehilaire-aquarelliste.fr\/index.php\/reve-eveille\/\" target=\"_self\"><\/a>\n    <\/div>[vc_separator css=\u00a0\u00bb.vc_custom_1756394441388{margin-top: 40px !important;}\u00a0\u00bb]\t\t<\/div>\n\t<\/div>\n<\/div><\/div><div class=\"eltdf-elements-holder   eltdf-four-columns  eltdf-responsive-mode-480 eltdf-one-column-alignment-center\" ><div class=\"eltdf-eh-item   eltdf-horizontal-alignment-center \"  data-item-class=\"eltdf-eh-custom-9257\" data-1400-1600=\"0 10px 0 10px\" data-1025-1399=\"0 10px 0 10px\" data-769-1024=\"0 40px\" data-681-768=\"0 40px\" data-680=\"0 20px\">\n\t<div class=\"eltdf-eh-item-inner\">\n\t\t<div class=\"eltdf-eh-item-content eltdf-eh-custom-9257\" style=\"padding: 0 10px 0 10px\">\n\t\t\t<div class=\"eltdf-banner-holder bloccarre eltdf-visible-on-hover eltdf-banner-info-centered\">\n    <div class=\"eltdf-banner-image\">\n        <img width=\"640\" height=\"427\" src=\"https:\/\/colettehilaire-aquarelliste.fr\/wp-content\/uploads\/2021\/10\/reves.jpg\" class=\"attachment-full size-full\" alt=\"\" decoding=\"async\" loading=\"lazy\" srcset=\"https:\/\/colettehilaire-aquarelliste.fr\/wp-content\/uploads\/2021\/10\/reves.jpg 640w, https:\/\/colettehilaire-aquarelliste.fr\/wp-content\/uploads\/2021\/10\/reves-300x200.jpg 300w, https:\/\/colettehilaire-aquarelliste.fr\/wp-content\/uploads\/2021\/10\/reves-600x400.jpg 600w\" sizes=\"(max-width: 640px) 100vw, 640px\" \/>    <\/div>\n    <div class=\"eltdf-banner-text-holder\" >\n\t    <div class=\"eltdf-banner-text-outer\">\n\t\t    <div class=\"eltdf-banner-text-inner\">\n                \t\t        \t\t            <p class=\"eltdf-banner-title\" >\n\t\t                R\u00eaves\t                <\/p>\n\t\t                        \t\t\t\t\t\t\t<\/div>\n\t\t<\/div>\n\t<\/div>\n\t        <a itemprop=\"url\" class=\"eltdf-banner-link\" href=\"http:\/\/colettehilaire-aquarelliste.fr\/index.php\/reves\/\" target=\"_self\"><\/a>\n    <\/div>[vc_separator css=\u00a0\u00bb.vc_custom_1756394451160{margin-top: 40px !important;}\u00a0\u00bb]\t\t<\/div>\n\t<\/div>\n<\/div><div class=\"eltdf-eh-item   eltdf-horizontal-alignment-center \"  data-item-class=\"eltdf-eh-custom-5046\" data-1400-1600=\"0 10px 0 10px\" data-1025-1399=\"0 10px 0 10px\" data-769-1024=\"0 40px\" data-681-768=\"0 40px\" data-680=\"0 20px\">\n\t<div class=\"eltdf-eh-item-inner\">\n\t\t<div class=\"eltdf-eh-item-content eltdf-eh-custom-5046\" style=\"padding: 0 10px 0 10px\">\n\t\t\t<div class=\"eltdf-banner-holder bloccarre eltdf-visible-on-hover eltdf-banner-info-centered\">\n    <div class=\"eltdf-banner-image\">\n        <img width=\"480\" height=\"547\" src=\"https:\/\/colettehilaire-aquarelliste.fr\/wp-content\/uploads\/2021\/10\/lapose.jpg\" class=\"attachment-full size-full\" alt=\"\" decoding=\"async\" loading=\"lazy\" srcset=\"https:\/\/colettehilaire-aquarelliste.fr\/wp-content\/uploads\/2021\/10\/lapose.jpg 480w, https:\/\/colettehilaire-aquarelliste.fr\/wp-content\/uploads\/2021\/10\/lapose-263x300.jpg 263w\" sizes=\"(max-width: 480px) 100vw, 480px\" \/>    <\/div>\n    <div class=\"eltdf-banner-text-holder\" >\n\t    <div class=\"eltdf-banner-text-outer\">\n\t\t    <div class=\"eltdf-banner-text-inner\">\n                \t\t        \t\t            <p class=\"eltdf-banner-title\" >\n\t\t                La pose\t                <\/p>\n\t\t                        \t\t\t\t\t\t\t<\/div>\n\t\t<\/div>\n\t<\/div>\n\t        <a itemprop=\"url\" class=\"eltdf-banner-link\" href=\"http:\/\/colettehilaire-aquarelliste.fr\/index.php\/la-pose\/\" target=\"_self\"><\/a>\n    <\/div>[vc_separator css=\u00a0\u00bb.vc_custom_1756394460935{margin-top: 40px !important;}\u00a0\u00bb]\t\t<\/div>\n\t<\/div>\n<\/div><div class=\"eltdf-eh-item   eltdf-horizontal-alignment-center \"  data-item-class=\"eltdf-eh-custom-4577\" data-1400-1600=\"0 10px 0 10px\" data-1025-1399=\"0 10px 0 10px\" data-769-1024=\"0 40px\" data-681-768=\"0 40px\" data-680=\"0 20px\">\n\t<div class=\"eltdf-eh-item-inner\">\n\t\t<div class=\"eltdf-eh-item-content eltdf-eh-custom-4577\" style=\"padding: 0 10px 0 10px\">\n\t\t\t<div class=\"eltdf-banner-holder bloccarre eltdf-visible-on-hover eltdf-banner-info-centered\">\n    <div class=\"eltdf-banner-image\">\n        <img width=\"650\" height=\"579\" src=\"https:\/\/colettehilaire-aquarelliste.fr\/wp-content\/uploads\/2021\/09\/fourmismodeles.jpg\" class=\"attachment-full size-full\" alt=\"\" decoding=\"async\" loading=\"lazy\" srcset=\"https:\/\/colettehilaire-aquarelliste.fr\/wp-content\/uploads\/2021\/09\/fourmismodeles.jpg 650w, https:\/\/colettehilaire-aquarelliste.fr\/wp-content\/uploads\/2021\/09\/fourmismodeles-300x267.jpg 300w, https:\/\/colettehilaire-aquarelliste.fr\/wp-content\/uploads\/2021\/09\/fourmismodeles-600x534.jpg 600w\" sizes=\"(max-width: 650px) 100vw, 650px\" \/>    <\/div>\n    <div class=\"eltdf-banner-text-holder\" >\n\t    <div class=\"eltdf-banner-text-outer\">\n\t\t    <div class=\"eltdf-banner-text-inner\">\n                \t\t        \t\t            <p class=\"eltdf-banner-title\" >\n\t\t                Fourmimod\u00e8les\t                <\/p>\n\t\t                        \t\t\t\t\t\t\t<\/div>\n\t\t<\/div>\n\t<\/div>\n\t        <a itemprop=\"url\" class=\"eltdf-banner-link\" href=\"https:\/\/colettehilaire-aquarelliste.fr\/index.php\/fourmimodele\/\" target=\"_self\"><\/a>\n    <\/div>[vc_separator css=\u00a0\u00bb.vc_custom_1756394467990{margin-top: 40px !important;}\u00a0\u00bb]\t\t<\/div>\n\t<\/div>\n<\/div><div class=\"eltdf-eh-item   eltdf-horizontal-alignment-center \"  data-item-class=\"eltdf-eh-custom-6778\" data-1400-1600=\"0 10px 0 10px\" data-1025-1399=\"0 10px 0 10px\" data-769-1024=\"0 40px\" data-681-768=\"0 40px\" data-680=\"0 20px\">\n\t<div class=\"eltdf-eh-item-inner\">\n\t\t<div class=\"eltdf-eh-item-content eltdf-eh-custom-6778\" style=\"padding: 0 10px 0 10px\">\n\t\t\t<div class=\"eltdf-banner-holder  eltdf-visible-on-hover eltdf-banner-info-centered\">\n    <div class=\"eltdf-banner-image\">\n        <img width=\"2016\" height=\"1512\" src=\"https:\/\/colettehilaire-aquarelliste.fr\/wp-content\/uploads\/2022\/08\/TITI-AQUARELLE-C-HILAIRE.jpg\" class=\"attachment-full size-full\" alt=\"\" decoding=\"async\" loading=\"lazy\" srcset=\"https:\/\/colettehilaire-aquarelliste.fr\/wp-content\/uploads\/2022\/08\/TITI-AQUARELLE-C-HILAIRE.jpg 2016w, https:\/\/colettehilaire-aquarelliste.fr\/wp-content\/uploads\/2022\/08\/TITI-AQUARELLE-C-HILAIRE-300x225.jpg 300w, https:\/\/colettehilaire-aquarelliste.fr\/wp-content\/uploads\/2022\/08\/TITI-AQUARELLE-C-HILAIRE-1024x768.jpg 1024w, https:\/\/colettehilaire-aquarelliste.fr\/wp-content\/uploads\/2022\/08\/TITI-AQUARELLE-C-HILAIRE-768x576.jpg 768w, https:\/\/colettehilaire-aquarelliste.fr\/wp-content\/uploads\/2022\/08\/TITI-AQUARELLE-C-HILAIRE-1536x1152.jpg 1536w\" sizes=\"(max-width: 2016px) 100vw, 2016px\" \/>    <\/div>\n    <div class=\"eltdf-banner-text-holder\" >\n\t    <div class=\"eltdf-banner-text-outer\">\n\t\t    <div class=\"eltdf-banner-text-inner\">\n                \t\t        \t\t            <p class=\"eltdf-banner-title\" >\n\t\t                Mes bonheurs\t                <\/p>\n\t\t                        \t\t\t\t\t\t\t<\/div>\n\t\t<\/div>\n\t<\/div>\n\t        <a itemprop=\"url\" class=\"eltdf-banner-link\" href=\"https:\/\/colettehilaire-aquarelliste.fr\/index.php\/mes-bonheurs\/\" target=\"_self\"><\/a>\n    <\/div>\t\t<\/div>\n\t<\/div>\n<\/div><\/div>[\/vc_column][\/vc_row][vc_row][vc_column]<div class=\"eltdf-image-gallery eltdf-grid-list eltdf-disable-bottom-space  eltdf-ig-grid-type eltdf-three-columns eltdf-huge-space  \">\n\t<div class=\"eltdf-ig-inner eltdf-outer-space\">\n\t\t\t<\/div>\n<\/div>[\/vc_column][\/vc_row]<\/p>\n","protected":false},"excerpt":{"rendered":"<p>[vc_row gap=\u00a0\u00bb35&Prime; equal_height=\u00a0\u00bbyes\u00a0\u00bb content_text_aligment=\u00a0\u00bbcenter\u00a0\u00bb css=\u00a0\u00bb.vc_custom_1700407528210{padding-bottom: 0px !important;}\u00a0\u00bb][vc_column width=\u00a0\u00bb1\/4&Prime; offset=\u00a0\u00bbvc_col-lg-offset-0 vc_col-lg-12 vc_col-md-offset-0 vc_col-md-12 vc_col-sm-offset-0 vc_col-xs-12&Prime;][vc_column_text css=\u00a0\u00bb.vc_custom_1638880246501{margin-top: 40px !important;}\u00a0\u00bb]R\u00eave\u2026 ou r\u00eaverie? \u00ab\u00a0La r\u00eaverie; le sujet la construit ou en a l\u2019illusion. Le r\u00eave, il le subit.\u00a0\u00bb (Henri Michaux) Tous les mod\u00e8les, qu\u2019ils [&hellip;]<\/p>\n","protected":false},"author":1,"featured_media":0,"parent":0,"menu_order":0,"comment_status":"closed","ping_status":"closed","template":"","meta":{"_monsterinsights_skip_tracking":false,"_monsterinsights_sitenote_active":false,"_monsterinsights_sitenote_note":"","_monsterinsights_sitenote_category":0},"_links":{"self":[{"href":"https:\/\/colettehilaire-aquarelliste.fr\/index.php\/wp-json\/wp\/v2\/pages\/2364"}],"collection":[{"href":"https:\/\/colettehilaire-aquarelliste.fr\/index.php\/wp-json\/wp\/v2\/pages"}],"about":[{"href":"https:\/\/colettehilaire-aquarelliste.fr\/index.php\/wp-json\/wp\/v2\/types\/page"}],"author":[{"embeddable":true,"href":"https:\/\/colettehilaire-aquarelliste.fr\/index.php\/wp-json\/wp\/v2\/users\/1"}],"replies":[{"embeddable":true,"href":"https:\/\/colettehilaire-aquarelliste.fr\/index.php\/wp-json\/wp\/v2\/comments?post=2364"}],"version-history":[{"count":179,"href":"https:\/\/colettehilaire-aquarelliste.fr\/index.php\/wp-json\/wp\/v2\/pages\/2364\/revisions"}],"predecessor-version":[{"id":4188,"href":"https:\/\/colettehilaire-aquarelliste.fr\/index.php\/wp-json\/wp\/v2\/pages\/2364\/revisions\/4188"}],"wp:attachment":[{"href":"https:\/\/colettehilaire-aquarelliste.fr\/index.php\/wp-json\/wp\/v2\/media?parent=2364"}],"curies":[{"name":"wp","href":"https:\/\/api.w.org\/{rel}","templated":true}]}}